{"id":6,"date":"2021-04-23T13:26:21","date_gmt":"2021-04-23T11:26:21","guid":{"rendered":"http:\/\/ceramique-do.ch\/?page_id=6"},"modified":"2026-04-30T07:43:19","modified_gmt":"2026-04-30T05:43:19","slug":"a-propos-de","status":"publish","type":"page","link":"https:\/\/ceramique-do.ch\/index.php\/a-propos-de\/","title":{"rendered":"\u00c0 propos de"},"content":{"rendered":"\n<p class=\"wp-block-paragraph\">\u00e0 propos de mon travail :<\/p>\n\n\n\n<ul class=\"wp-block-list\">\n<li>J&rsquo;ai d\u00e9but\u00e9 par cr\u00e9er des pi\u00e8ces principalement utilitaires, en fa\u00efence assez color\u00e9es, cuisson temp\u00e9rature 980\u00b0.<\/li>\n\n\n\n<li>Ensuite j&rsquo;ai pratiqu\u00e9 quelques temps le Raku.<\/li>\n\n\n\n<li>Mais je suis tomb\u00e9 amoureux du gr\u00e8s et des influences japonaises. <\/li>\n\n\n\n<li>Toutes les pi\u00e8ces sont uniques, c&rsquo;est avec grand plaisir que vous pouvez me contacter pour plus de renseignements ou acqu\u00e9rir une ou plusieurs pi\u00e8ces <\/li>\n\n\n\n<li>Les pi\u00e8ces sont cr\u00e9\u00e9s \u00e0 l&rsquo;atelier Artpod, de M. De Crousaz, qui se charge de la cuisson <\/li>\n<\/ul>\n","protected":false},"excerpt":{"rendered":"<p>\u00e0 propos de mon travail :<\/p>\n","protected":false},"author":1,"featured_media":0,"parent":0,"menu_order":0,"comment_status":"closed","ping_status":"closed","template":"","meta":{"_crdt_document":"{\"document\":\"AAAH4oKz+g3oAYIBCBiGAwUAAqwCDAIEAqQBAgQCjgICBAK2BAIEAroCAwA4AVKsAgIBAgoCQkoAhAEBAgoBCkomAgEBCAKsAvYCALwCAQEIAkoAqAEBAQgCSgCSAgEBCAJKALoEAQEIAkrWDCi2AtIXBQACrAIMAgQCpAECBAKOAgIEArYEAgQCugIDAB6oAwUAAqwCDAIEAqQBAgQCjgICBAK2BAIEAroCAwBnKAMnAAQAJwAEAIQXJwAoBCcAKFQnAAcAKAMnAQQAKAAnAIcAKAMnACgMJwAHACgCJwEEAIQAJwCHACgCJwEEACcAhwAoAicBBAAnAIcAKAInAQQAJwCHACgCJwEEACcAKAGoAYQAxPQkgiNzdGF0ZXZlcnNpb25kb2N1bWVudGRhdGVkb2N1bWVudHNsdWdkb2N1bWVudHN0YXR1c2RvY3VtZW50dGl0bGXDgCBwcm9wb3MgZGVkb2N1bWVudGNvbnRlbnQ8IS0tIHdwOnBhcmFncmFwaCAtLT4KPHA+w6AgcHJvcG9zIGRlIG1vbiB0cmF2YWlsIDo8L3A+CjwhLS0gL3dwOnBhcmFncmFwaCAtLT4KCjwhLS0gd3A6bGlzdCAtLT4KPHVsPjxsaT5KJ2FpIGTDqWJ1dMOpIHBhciBjcsOpZXIgZGVzIHBpw6hjZXMgcHJpbmNpcGFsZW1lbnQgdXRpbGl0YWlyZXMsIGVuIGZhw69lbmNlIGFzc2V6IGNvbG9yw6llcy48L2xpPjxsaT5FbnN1aXRlIGonYWkgcHJhdGlxdcOpIHF1ZWxxdWVzIHRlbXBzIGxlIFJha3UuPC9saT48bGk+TWFpcyBqZSBzdWlzIHRvbWLDqSBhbW91cmV1eCBkdSBncsOocyBldCBkZXMgaW5mbHVlbmNlcyBqYXBvbmFpc2VzLiA8L2xpPjxsaT5Ub3V0ZXMgbGVzIHBpw6hjZXMgc29udCB1bmlxdWVzLCBjJ2VzdCBhdmVjIGdyYW5kIHBsYWlzaXIgcXVlIHZvdXMgcG91dmV6IG1lIGNvbnRhY3RlciBwb3VyIHBsdXMgZGUgcmVuc2VpZ25lbWVudHMgb3UgYWNxdcOpcmlyIHVuZSBvdSBwbHVzaWV1cnMgcGnDqGNlcyA8L2xpPjxsaT5MZXMgcGnDqGNlcyBzb250IGNyw6nDqXMgw6AgbCdhdGVsaWVyIEFydHBvZCwgZGUgTS4gRGUgQ3JvdXNheiwgcXVpIHNlIGNoYXJnZSBkZSBsYSBjdWlzc29uIDwvbGk+PC91bD4KPCEtLSAvd3A6bGlzdCAtLT5kb2N1bWVudGV4Y2VycHRkb2N1bWVudGF1dGhvcmRvY3VtZW50ZmVhdHVyZWRfbWVkaWFkb2N1bWVudGNvbW1lbnRfc3RhdHVzZG9jdW1lbnRwaW5nX3N0YXR1c2RvY3VtZW50dGVtcGxhdGVkb2N1bWVudG1ldGFvY2Vhbl9wb3N0X2xheW91dG9jZWFuX2JvdGhfc2lkZWJhcnNfc3R5bGVvY2Vhbl9ib3RoX3NpZGViYXJzX2NvbnRlbnRfd2lkdGhvY2Vhbl9ib3RoX3NpZGViYXJzX3NpZGViYXJzX3dpZHRob2NlYW5fc2lkZWJhcm9jZWFuX3NlY29uZF9zaWRlYmFyb2NlYW5fZGlzYWJsZV9tYXJnaW5zb2NlYW5fYWRkX2JvZHlfY2xhc3NvY2Vhbl9zaG9ydGNvZGVfYmVmb3JlX3RvcF9iYXJvY2Vhbl9zaG9ydGNvZGVfYWZ0ZXJfdG9wX2Jhcm9jZWFuX3Nob3J0Y29kZV9iZWZvcmVfaGVhZGVyb2NlYW5fc2hvcnRjb2RlX2FmdGVyX2hlYWRlcm9jZWFuX2hhc19zaG9ydGNvZGVvY2Vhbl9zaG9ydGNvZGVfYWZ0ZXJfdGl0bGVvY2Vhbl9zaG9ydGNvZGVfYmVmb3JlX2Zvb3Rlcl93aWRnZXRzb2NlYW5fc2hvcnRjb2RlX2FmdGVyX2Zvb3Rlcl93aWRnZXRzb2NlYW5fc2hvcnRjb2RlX2JlZm9yZV9mb290ZXJfYm90dG9tb2NlYW5fc2hvcnRjb2RlX2FmdGVyX2Zvb3Rlcl9ib3R0b21vY2Vhbl9kaXNwbGF5X3RvcF9iYXJvY2Vhbl9kaXNwbGF5X2hlYWRlcm9jZWFuX2hlYWRlcl9zdHlsZW9jZWFuX2NlbnRlcl9oZWFkZXJfbGVmdF9tZW51b2NlYW5fY3VzdG9tX2hlYWRlcl90ZW1wbGF0ZW9jZWFuX2N1c3RvbV9sb2dvb2NlYW5fY3VzdG9tX3JldGluYV9sb2dvb2NlYW5fY3VzdG9tX2xvZ29fbWF4X3dpZHRob2NlYW5fY3VzdG9tX2xvZ29fdGFibGV0X21heF93aWR0aG9jZWFuX2N1c3RvbV9sb2dvX21vYmlsZV9tYXhfd2lkdGhvY2Vhbl9jdXN0b21fbG9nb19tYXhfaGVpZ2h0b2NlYW5fY3VzdG9tX2xvZ29fdGFibGV0X21heF9oZWlnaHRvY2Vhbl9jdXN0b21fbG9nb19tb2JpbGVfbWF4X2hlaWdodG9jZWFuX2hlYWRlcl9jdXN0b21fbWVudW9jZWFuX21lbnVfdHlwb19mb250X2ZhbWlseW9jZWFuX21lbnVfdHlwb19mb250X3N1YnNldG9jZWFuX21lbnVfdHlwb19mb250X3NpemVvY2Vhbl9tZW51X3R5cG9fZm9udF9zaXplX3RhYmxldG9jZWFuX21lbnVfdHlwb19mb250X3NpemVfbW9iaWxlb2NlYW5fbWVudV90eXBvX2ZvbnRfc2l6ZV91bml0b2NlYW5fbWVudV90eXBvX2ZvbnRfd2VpZ2h0b2NlYW5fbWVudV90eXBvX2ZvbnRfd2VpZ2h0X3RhYmxldG9jZWFuX21lbnVfdHlwb19mb250X3dlaWdodF9tb2JpbGVvY2Vhbl9tZW51X3R5cG9fdHJhbnNmb3Jtb2NlYW5fbWVudV90eXBvX3RyYW5zZm9ybV90YWJsZXRvY2Vhbl9tZW51X3R5cG9fdHJhbnNmb3JtX21vYmlsZW9jZWFuX21lbnVfdHlwb19saW5lX2hlaWdodG9jZWFuX21lbnVfdHlwb19saW5lX2hlaWdodF90YWJsZXRvY2Vhbl9tZW51X3R5cG9fbGluZV9oZWlnaHRfbW9iaWxlb2NlYW5fbWVudV90eXBvX2xpbmVfaGVpZ2h0X3VuaXRvY2Vhbl9tZW51X3R5cG9fc3BhY2luZ29jZWFuX21lbnVfdHlwb19zcGFjaW5nX3RhYmxldG9jZWFuX21lbnVfdHlwb19zcGFjaW5nX21vYmlsZW9jZWFuX21lbnVfdHlwb19zcGFjaW5nX3VuaXRvY2Vhbl9tZW51X2xpbmtfY29sb3JvY2Vhbl9tZW51X2xpbmtfY29sb3JfaG92ZXJvY2Vhbl9tZW51X2xpbmtfY29sb3JfYWN0aXZlb2NlYW5fbWVudV9saW5rX2JhY2tncm91bmRvY2Vhbl9tZW51X2xpbmtfaG92ZXJfYmFja2dyb3VuZG9jZWFuX21lbnVfbGlua19hY3RpdmVfYmFja2dyb3VuZG9jZWFuX21lbnVfc29jaWFsX2xpbmtzX2Jnb2NlYW5fbWVudV9zb2NpYWxfaG92ZXJfbGlua3NfYmdvY2Vhbl9tZW51X3NvY2lhbF9saW5rc19jb2xvcm9jZWFuX21lbnVfc29jaWFsX2hvdmVyX2xpbmtzX2NvbG9yb2NlYW5fZGlzYWJsZV90aXRsZW9jZWFuX2Rpc2FibGVfaGVhZGluZ29jZWFuX3Bvc3RfdGl0bGVvY2Vhbl9wb3N0X3N1YmhlYWRpbmdvY2Vhbl9wb3N0X3RpdGxlX3N0eWxlb2NlYW5fcG9zdF90aXRsZV9iYWNrZ3JvdW5kX2NvbG9yb2NlYW5fcG9zdF90aXRsZV9iYWNrZ3JvdW5kb2NlYW5fcG9zdF90aXRsZV9iZ19pbWFnZV9wb3NpdGlvbm9jZWFuX3Bvc3RfdGl0bGVfYmdfaW1hZ2VfYXR0YWNobWVudG9jZWFuX3Bvc3RfdGl0bGVfYmdfaW1hZ2VfcmVwZWF0b2NlYW5fcG9zdF90aXRsZV9iZ19pbWFnZV9zaXplb2NlYW5fcG9zdF90aXRsZV9oZWlnaHRvY2Vhbl9wb3N0X3RpdGxlX2JnX292ZXJsYXlvY2Vhbl9wb3N0X3RpdGxlX2JnX292ZXJsYXlfY29sb3JvY2Vhbl9kaXNhYmxlX2JyZWFkY3J1bWJzb2NlYW5fYnJlYWRjcnVtYnNfY29sb3JvY2Vhbl9icmVhZGNydW1ic19zZXBhcmF0b3JfY29sb3JvY2Vhbl9icmVhZGNydW1ic19saW5rc19jb2xvcm9jZWFuX2JyZWFkY3J1bWJzX2xpbmtzX2hvdmVyX2NvbG9yb2NlYW5fZGlzcGxheV9mb290ZXJfd2lkZ2V0c29jZWFuX2Rpc3BsYXlfZm9vdGVyX2JvdHRvbW9jZWFuX2N1c3RvbV9mb290ZXJfdGVtcGxhdGVmb290bm90ZXNkb2N1bWVudGJsb2Nrc2NsaWVudElkaXNWYWxpZG9yaWdpbmFsQ29udGVudG5hbWVhdHRyaWJ1dGVzY29udGVudMOgIHByb3BvcyBkZSBtb24gdHJhdmFpbCA6ZHJvcENhcGlubmVyQmxvY2tzY2xpZW50SWRpc1ZhbGlkb3JpZ2luYWxDb250ZW50bmFtZWF0dHJpYnV0ZXNwbGFjZWhvbGRlcmJhY2tncm91bmRDb2xvcnRleHRDb2xvcmdyYWRpZW50bG9ja2FuY2hvcmNsYXNzTmFtZWZvbnRGYW1pbHlmb250U2l6ZXN0eWxlbWV0YWRhdGFvcmRlcmVkdmFsdWVzaW5uZXJCbG9ja3NjbGllbnRJZGlzVmFsaWRuYW1lYXR0cmlidXRlc2NvbnRlbnRKJ2FpIGTDqWJ1dMOpIHBhciBjcsOpZXIgZGVzIHBpw6hjZXMgcHJpbmNpcGFsZW1lbnQgdXRpbGl0YWlyZXMsIGVuIGZhw69lbmNlIGFzc2V6IGNvbG9yw6llcy5pbm5lckJsb2Nrc2NsaWVudElkaXNWYWxpZG5hbWVhdHRyaWJ1dGVzY29udGVudEVuc3VpdGUgaidhaSBwcmF0aXF1w6kgcXVlbHF1ZXMgdGVtcHMgbGUgUmFrdS5pbm5lckJsb2Nrc2NsaWVudElkaXNWYWxpZG5hbWVhdHRyaWJ1dGVzY29udGVudE1haXMgamUgc3VpcyB0b21iw6kgYW1vdXJldXggZHUgZ3LDqHMgZXQgZGVzIGluZmx1ZW5jZXMgamFwb25haXNlcy4gaW5uZXJCbG9ja3NjbGllbnRJZGlzVmFsaWRuYW1lYXR0cmlidXRlc2NvbnRlbnRUb3V0ZXMgbGVzIHBpw6hjZXMgc29udCB1bmlxdWVzLCBjJ2VzdCBhdmVjIGdyYW5kIHBsYWlzaXIgcXVlIHZvdXMgcG91dmV6IG1lIGNvbnRhY3RlciBwb3VyIHBsdXMgZGUgcmVuc2VpZ25lbWVudHMgb3UgYWNxdcOpcmlyIHVuZSBvdSBwbHVzaWV1cnMgcGnDqGNlcyBpbm5lckJsb2Nrc2NsaWVudElkaXNWYWxpZG5hbWVhdHRyaWJ1dGVzY29udGVudExlcyBwacOoY2VzIHNvbnQgY3LDqcOpcyDDoCBsJ2F0ZWxpZXIgQXJ0cG9kLCBkZSBNLiBEZSBDcm91c2F6LCBxdWkgc2UgY2hhcmdlIGRlIGxhIGN1aXNzb24gaW5uZXJCbG9ja3NzdGF0ZXNhdmVkQXRzdGF0ZXNhdmVkQnksIGN1aXNzb24gdGVtcMOpcmF0dXJlIDk4MMKwLiBjbGFzcz0id3AtYmxvY2stbGlzdCIhLS0gd3A6c3QtaXRlbSAtLQo8bGk+LCBjdWlzc29uIHRlbXDDqXJhdHVyZSA5ODDCsAohLS0gL3dwOnN0LWl0ZW0gLS0KCjwhLS0gd3A6bGlzdC1pdGVtIC0tPgo8bGk+CiEtLSAvd3A6c3QtaXRlbSAtLQoKPCEtLSB3cDpsaXN0LWl0ZW0gLS0+CjxsaT4KIS0tIC93cDpzdC1pdGVtIC0tCgo8IS0tIHdwOmxpc3QtaXRlbSAtLT4KPGxpPgohLS0gL3dwOnN0LWl0ZW0gLS0KCjwhLS0gd3A6bGlzdC1pdGVtIC0tPgo8bGk+CiEtLSB3cDpsaXN0LWl0ZW0gLS0+PC8FBwgECAQIBggFCwgHowFCAAGWAQYBAgEyAQIBhwEBAgGbAgECAZ0BQQAVCAcIBggOCA4IC0gBBBEZISINFBUUHl0AHBMbJWQAIxUUEh0cERgbYgAcYwAYWwAZYAAeG2IAGWAAG2IAIBdeABwVGxwaICEaIB0jExUQFRYhGyIkIB4XGyEZFyEdIxwbHAkIBggHDwQKBxkHCwgHDwQKCw8JCAQGCQoIBQgHBgsIBwQKB5YBAQsIBwQKBy0LCAcECgeCAQsIBwQKB5YCCwgHBAoHmAELBQcFBxsWBwoFGgEIChwBCAocAQgKHAEIChwBBBIRAQQAAAEAAAABBgBUAQAAQAEfQgEBAEEAAgBBAABBAAIAQQACAEEAAgBBAAIAQQACAANBhQEB4QEAfQF3EzIwMjEtMDQtMjNUMTM6MjY6MjF3C2EtcHJvcG9zLWRldwdwdWJsaXNofQF9AHcGY2xvc2VkdwZjbG9zZWR3AHcAdwB9AH0AdwEwdwEwdwZlbmFibGV3AHcAdwB3AHcAdwB3AHcAdwB3AHcAdwdkZWZhdWx0dwdkZWZhdWx0dwB3ATB3ATB9AH0AfQB9AH0AfQB9AH0AdwEwdwEwdwB9AH0AfQB3AnB4dwB3AHcAdwB3AHcAfQB9AH0AdwB9AH0AfQB3AHcAdwB3AHcAdwB3AHcAdwB3AHcAdwdkZWZhdWx0dwdkZWZhdWx0dwB3AHcAdwB9AHcAdwB3AHcAfQB8PwAAAHcAdwdkZWZhdWx0dwB3AHcAdwB3B2RlZmF1bHR3B2RlZmF1bHR3ATB3AHckOTc3MTFmYmMtZDYwZi00ZGUxLTk0NmUtMGM2OWU4ZWY0MjFheHchPHA+w6AgcHJvcG9zIGRlIG1vbiB0cmF2YWlsIDo8L3A+dw5jb3JlL3BhcmFncmFwaHl3JDY3MzExYjM5LTZmYjEtNGJlNy04OWM4LWNiYTM5MWEzYmEzZHh3+gM8dWw+PGxpPkonYWkgZMOpYnV0w6kgcGFyIGNyw6llciBkZXMgcGnDqGNlcyBwcmluY2lwYWxlbWVudCB1dGlsaXRhaXJlcywgZW4gZmHDr2VuY2UgYXNzZXogY29sb3LDqWVzLjwvbGk+PGxpPkVuc3VpdGUgaidhaSBwcmF0aXF1w6kgcXVlbHF1ZXMgdGVtcHMgbGUgUmFrdS48L2xpPjxsaT5NYWlzIGplIHN1aXMgdG9tYsOpIGFtb3VyZXV4IGR1IGdyw6hzIGV0IGRlcyBpbmZsdWVuY2VzIGphcG9uYWlzZXMuIDwvbGk+PGxpPlRvdXRlcyBsZXMgcGnDqGNlcyBzb250IHVuaXF1ZXMsIGMnZXN0IGF2ZWMgZ3JhbmQgcGxhaXNpciBxdWUgdm91cyBwb3V2ZXogbWUgY29udGFjdGVyIHBvdXIgcGx1cyBkZSByZW5zZWlnbmVtZW50cyBvdSBhY3F1w6lyaXIgdW5lIG91IHBsdXNpZXVycyBwacOoY2VzIDwvbGk+PGxpPkxlcyBwacOoY2VzIHNvbnQgY3LDqcOpcyDDoCBsJ2F0ZWxpZXIgQXJ0cG9kLCBkZSBNLiBEZSBDcm91c2F6LCBxdWkgc2UgY2hhcmdlIGRlIGxhIGN1aXNzb24gPC9saT48L3VsPncJY29yZS9saXN0f39\/f39\/f39\/f395dwB3JGVjNTZlYjRlLWI0NjAtNDYzMS1hMGZkLTQ2ZTAxMjA4ZmVkM3h3DmNvcmUvbGlzdC1pdGVtdyRhYjk1ODQxOS01YmQxLTQ2Y2ItOTA0MC0xYTc1N2Y3YjUzNzd4dw5jb3JlL2xpc3QtaXRlbXckZTYyNjJmNWMtMzY3NS00ZDQ2LWExMGItMThiZTA2MWUwNmFmeHcOY29yZS9saXN0LWl0ZW13JGVhYjM2YzM1LTE2MWMtNGJjYi04NTZlLWZlNjVkY2FmMjYzYXh3DmNvcmUvbGlzdC1pdGVtdyQ4MjZjYjgxOS0zZGU1LTQwMzUtYWM1Ni1hMjA5NzE1ZDE4MjV4dw5jb3JlL2xpc3QtaXRlbXtCed3OkPBwAH2igrP6DXckZjkzZjUxNWItNzQ0ZC00YzdhLTkyN2UtNzEwYTdlNjQxNzA4dyQyMzQ1N2NkZi1hNzZiLTRjNTAtYmRmNC1kOTRhODViZDhlMGQBosGZ\/QYD7QUAEwBaAA==\",\"updateId\":348996381}","ocean_post_layout":"","ocean_both_sidebars_style":"","ocean_both_sidebars_content_width":0,"ocean_both_sidebars_sidebars_width":0,"ocean_sidebar":"0","ocean_second_sidebar":"0","ocean_disable_margins":"enable","ocean_add_body_class":"","ocean_shortcode_before_top_bar":"","ocean_shortcode_after_top_bar":"","ocean_shortcode_before_header":"","ocean_shortcode_after_header":"","ocean_has_shortcode":"","ocean_shortcode_after_title":"","ocean_shortcode_before_footer_widgets":"","ocean_shortcode_after_footer_widgets":"","ocean_shortcode_before_footer_bottom":"","ocean_shortcode_after_footer_bottom":"","ocean_display_top_bar":"default","ocean_display_header":"default","ocean_header_style":"","ocean_center_header_left_menu":"0","ocean_custom_header_template":"0","ocean_custom_logo":0,"ocean_custom_retina_logo":0,"ocean_custom_logo_max_width":0,"ocean_custom_logo_tablet_max_width":0,"ocean_custom_logo_mobile_max_width":0,"ocean_custom_logo_max_height":0,"ocean_custom_logo_tablet_max_height":0,"ocean_custom_logo_mobile_max_height":0,"ocean_header_custom_menu":"0","ocean_menu_typo_font_family":"0","ocean_menu_typo_font_subset":"","ocean_menu_typo_font_size":0,"ocean_menu_typo_font_size_tablet":0,"ocean_menu_typo_font_size_mobile":0,"ocean_menu_typo_font_size_unit":"px","ocean_menu_typo_font_weight":"","ocean_menu_typo_font_weight_tablet":"","ocean_menu_typo_font_weight_mobile":"","ocean_menu_typo_transform":"","ocean_menu_typo_transform_tablet":"","ocean_menu_typo_transform_mobile":"","ocean_menu_typo_line_height":0,"ocean_menu_typo_line_height_tablet":0,"ocean_menu_typo_line_height_mobile":0,"ocean_menu_typo_line_height_unit":"","ocean_menu_typo_spacing":0,"ocean_menu_typo_spacing_tablet":0,"ocean_menu_typo_spacing_mobile":0,"ocean_menu_typo_spacing_unit":"","ocean_menu_link_color":"","ocean_menu_link_color_hover":"","ocean_menu_link_color_active":"","ocean_menu_link_background":"","ocean_menu_link_hover_background":"","ocean_menu_link_active_background":"","ocean_menu_social_links_bg":"","ocean_menu_social_hover_links_bg":"","ocean_menu_social_links_color":"","ocean_menu_social_hover_links_color":"","ocean_disable_title":"default","ocean_disable_heading":"default","ocean_post_title":"","ocean_post_subheading":"","ocean_post_title_style":"","ocean_post_title_background_color":"","ocean_post_title_background":0,"ocean_post_title_bg_image_position":"","ocean_post_title_bg_image_attachment":"","ocean_post_title_bg_image_repeat":"","ocean_post_title_bg_image_size":"","ocean_post_title_height":0,"ocean_post_title_bg_overlay":0.5,"ocean_post_title_bg_overlay_color":"","ocean_disable_breadcrumbs":"default","ocean_breadcrumbs_color":"","ocean_breadcrumbs_separator_color":"","ocean_breadcrumbs_links_color":"","ocean_breadcrumbs_links_hover_color":"","ocean_display_footer_widgets":"default","ocean_display_footer_bottom":"default","ocean_custom_footer_template":"0","footnotes":""},"class_list":["post-6","page","type-page","status-publish","hentry","entry"],"yoast_head":"<!-- This site is optimized with the Yoast SEO plugin v27.6 - https:\/\/yoast.com\/product\/yoast-seo-wordpress\/ -->\n<title>\u00c0 propos de - atelier<\/title>\n<meta name=\"robots\" content=\"index, follow, max-snippet:-1, max-image-preview:large, max-video-preview:-1\" \/>\n<link rel=\"canonical\" href=\"https:\/\/ceramique-do.ch\/index.php\/a-propos-de\/\" \/>\n<meta property=\"og:locale\" content=\"fr_FR\" \/>\n<meta property=\"og:type\" content=\"article\" \/>\n<meta property=\"og:title\" content=\"\u00c0 propos de - atelier\" \/>\n<meta property=\"og:description\" content=\"\u00e0 propos de mon travail :\" \/>\n<meta property=\"og:url\" content=\"https:\/\/ceramique-do.ch\/index.php\/a-propos-de\/\" \/>\n<meta property=\"og:site_name\" content=\"atelier\" \/>\n<meta property=\"article:modified_time\" content=\"2026-04-30T05:43:19+00:00\" \/>\n<meta name=\"twitter:card\" content=\"summary_large_image\" \/>\n<meta name=\"twitter:label1\" content=\"Dur\u00e9e de lecture estim\u00e9e\" \/>\n\t<meta name=\"twitter:data1\" content=\"1 minute\" \/>\n<script type=\"application\/ld+json\" class=\"yoast-schema-graph\">{\"@context\":\"https:\\\/\\\/schema.org\",\"@graph\":[{\"@type\":\"WebPage\",\"@id\":\"https:\\\/\\\/ceramique-do.ch\\\/index.php\\\/a-propos-de\\\/\",\"url\":\"https:\\\/\\\/ceramique-do.ch\\\/index.php\\\/a-propos-de\\\/\",\"name\":\"\u00c0 propos de - atelier\",\"isPartOf\":{\"@id\":\"https:\\\/\\\/ceramique-do.ch\\\/#website\"},\"datePublished\":\"2021-04-23T11:26:21+00:00\",\"dateModified\":\"2026-04-30T05:43:19+00:00\",\"breadcrumb\":{\"@id\":\"https:\\\/\\\/ceramique-do.ch\\\/index.php\\\/a-propos-de\\\/#breadcrumb\"},\"inLanguage\":\"fr-FR\",\"potentialAction\":[{\"@type\":\"ReadAction\",\"target\":[\"https:\\\/\\\/ceramique-do.ch\\\/index.php\\\/a-propos-de\\\/\"]}]},{\"@type\":\"BreadcrumbList\",\"@id\":\"https:\\\/\\\/ceramique-do.ch\\\/index.php\\\/a-propos-de\\\/#breadcrumb\",\"itemListElement\":[{\"@type\":\"ListItem\",\"position\":1,\"name\":\"Accueil\",\"item\":\"https:\\\/\\\/ceramique-do.ch\\\/\"},{\"@type\":\"ListItem\",\"position\":2,\"name\":\"\u00c0 propos de\"}]},{\"@type\":\"WebSite\",\"@id\":\"https:\\\/\\\/ceramique-do.ch\\\/#website\",\"url\":\"https:\\\/\\\/ceramique-do.ch\\\/\",\"name\":\"atelier\",\"description\":\"Ceramic par Eric\",\"potentialAction\":[{\"@type\":\"SearchAction\",\"target\":{\"@type\":\"EntryPoint\",\"urlTemplate\":\"https:\\\/\\\/ceramique-do.ch\\\/?s={search_term_string}\"},\"query-input\":{\"@type\":\"PropertyValueSpecification\",\"valueRequired\":true,\"valueName\":\"search_term_string\"}}],\"inLanguage\":\"fr-FR\"}]}<\/script>\n<!-- \/ Yoast SEO plugin. -->","yoast_head_json":{"title":"\u00c0 propos de - atelier","robots":{"index":"index","follow":"follow","max-snippet":"max-snippet:-1","max-image-preview":"max-image-preview:large","max-video-preview":"max-video-preview:-1"},"canonical":"https:\/\/ceramique-do.ch\/index.php\/a-propos-de\/","og_locale":"fr_FR","og_type":"article","og_title":"\u00c0 propos de - atelier","og_description":"\u00e0 propos de mon travail :","og_url":"https:\/\/ceramique-do.ch\/index.php\/a-propos-de\/","og_site_name":"atelier","article_modified_time":"2026-04-30T05:43:19+00:00","twitter_card":"summary_large_image","twitter_misc":{"Dur\u00e9e de lecture estim\u00e9e":"1 minute"},"schema":{"@context":"https:\/\/schema.org","@graph":[{"@type":"WebPage","@id":"https:\/\/ceramique-do.ch\/index.php\/a-propos-de\/","url":"https:\/\/ceramique-do.ch\/index.php\/a-propos-de\/","name":"\u00c0 propos de - atelier","isPartOf":{"@id":"https:\/\/ceramique-do.ch\/#website"},"datePublished":"2021-04-23T11:26:21+00:00","dateModified":"2026-04-30T05:43:19+00:00","breadcrumb":{"@id":"https:\/\/ceramique-do.ch\/index.php\/a-propos-de\/#breadcrumb"},"inLanguage":"fr-FR","potentialAction":[{"@type":"ReadAction","target":["https:\/\/ceramique-do.ch\/index.php\/a-propos-de\/"]}]},{"@type":"BreadcrumbList","@id":"https:\/\/ceramique-do.ch\/index.php\/a-propos-de\/#breadcrumb","itemListElement":[{"@type":"ListItem","position":1,"name":"Accueil","item":"https:\/\/ceramique-do.ch\/"},{"@type":"ListItem","position":2,"name":"\u00c0 propos de"}]},{"@type":"WebSite","@id":"https:\/\/ceramique-do.ch\/#website","url":"https:\/\/ceramique-do.ch\/","name":"atelier","description":"Ceramic par Eric","potentialAction":[{"@type":"SearchAction","target":{"@type":"EntryPoint","urlTemplate":"https:\/\/ceramique-do.ch\/?s={search_term_string}"},"query-input":{"@type":"PropertyValueSpecification","valueRequired":true,"valueName":"search_term_string"}}],"inLanguage":"fr-FR"}]}},"_links":{"self":[{"href":"https:\/\/ceramique-do.ch\/index.php\/wp-json\/wp\/v2\/pages\/6","targetHints":{"allow":["GET"]}}],"collection":[{"href":"https:\/\/ceramique-do.ch\/index.php\/wp-json\/wp\/v2\/pages"}],"about":[{"href":"https:\/\/ceramique-do.ch\/index.php\/wp-json\/wp\/v2\/types\/page"}],"author":[{"embeddable":true,"href":"https:\/\/ceramique-do.ch\/index.php\/wp-json\/wp\/v2\/users\/1"}],"replies":[{"embeddable":true,"href":"https:\/\/ceramique-do.ch\/index.php\/wp-json\/wp\/v2\/comments?post=6"}],"version-history":[{"count":8,"href":"https:\/\/ceramique-do.ch\/index.php\/wp-json\/wp\/v2\/pages\/6\/revisions"}],"predecessor-version":[{"id":879,"href":"https:\/\/ceramique-do.ch\/index.php\/wp-json\/wp\/v2\/pages\/6\/revisions\/879"}],"wp:attachment":[{"href":"https:\/\/ceramique-do.ch\/index.php\/wp-json\/wp\/v2\/media?parent=6"}],"curies":[{"name":"wp","href":"https:\/\/api.w.org\/{rel}","templated":true}]}}